{"id":922,"date":"2023-12-06T07:57:42","date_gmt":"2023-12-06T05:57:42","guid":{"rendered":"https:\/\/hotelboavista.ro\/contact\/"},"modified":"2024-02-08T12:01:50","modified_gmt":"2024-02-08T10:01:50","slug":"contact","status":"publish","type":"page","link":"https:\/\/hotelboavista.ro\/en\/contact\/","title":{"rendered":"Contact"},"content":{"rendered":"\n<div class=\"wp-block-getwid-section has-inner-blocks-gap-huge\"><div class=\"wp-block-getwid-section__wrapper\"><div class=\"wp-block-getwid-section__inner-wrapper\"><div class=\"wp-block-getwid-section__background-holder\"><div class=\"wp-block-getwid-section__background\"><\/div><div class=\"wp-block-getwid-section__foreground\"><\/div><\/div><div class=\"wp-block-getwid-section__content\"><div class=\"wp-block-getwid-section__inner-content\">\n<div class=\"wp-block-columns has-2-columns is-layout-flex wp-container-core-columns-is-layout-1 wp-block-columns-is-layout-flex\">\n<div class=\"wp-block-column is-vertically-aligned-stretch is-layout-flow wp-block-column-is-layout-flow\">\n<div class=\"wp-block-getwid-advanced-heading\" style=\"margin-bottom:30px\"><h1 class=\"wp-block-getwid-advanced-heading__content\">How can we assist you?<\/h1><\/div>\n\n\n\n<p>Complete the contact form, and our dedicated team will respond promptly and professionally. <\/p>\n\n\n\n<p>Every detail matters, and we are determined to do everything possible to ensure you have a memorable stay at Hotel Boavista Timi\u0219oara.<\/p>\n\n\n\n<div class=\"wp-block-getwid-advanced-heading has-custom-font-size\" style=\"font-size:14px;margin-bottom:0px\"><span class=\"wp-block-getwid-advanced-heading__content\">Address<\/span><\/div>\n\n\n\n<div class=\"wp-block-getwid-advanced-heading has-custom-font-size\" style=\"font-size:normal\"><span class=\"wp-block-getwid-advanced-heading__content has-text-color has-arsenic-color\" style=\"font-weight:500\">Aleea F.C. Ripensia, Nr. 7A, 300575 Timi\u015foara, Romania<\/span><\/div>\n\n\n\n<div class=\"wp-block-getwid-advanced-heading has-custom-font-size\" style=\"font-size:14px;margin-bottom:0px\"><span class=\"wp-block-getwid-advanced-heading__content\">Phone<\/span><\/div>\n\n\n\n<div class=\"wp-block-getwid-advanced-heading has-custom-font-size\" style=\"font-size:normal\"><span class=\"wp-block-getwid-advanced-heading__content has-text-color has-arsenic-color\" style=\"font-weight:500\"><a href=\"tel:0040256309409\" data-type=\"tel\" data-id=\"tel:0040256309409\">+40 256 309409<\/a><\/span><\/div>\n\n\n\n<div class=\"wp-block-getwid-advanced-heading has-custom-font-size\" style=\"font-size:14px;margin-bottom:0px\"><span class=\"wp-block-getwid-advanced-heading__content\">Email<\/span><\/div>\n\n\n\n<div class=\"wp-block-getwid-advanced-heading has-custom-font-size\" style=\"font-size:normal\"><span class=\"wp-block-getwid-advanced-heading__content has-text-color has-arsenic-color\" style=\"font-weight:500\"><a href=\"mailto:office@hotelboavista.ro\" data-type=\"mailto\" data-id=\"mailto:office@hotelboavista.ro\">office@hotelboavista.ro<\/a> <\/span><\/div>\n<\/div>\n\n\n\n<div class=\"wp-block-column is-layout-flow wp-block-column-is-layout-flow\">\n<div class=\"wp-block-getwid-section is-style-with-shadow form-section contact-page\"><div class=\"wp-block-getwid-section__wrapper getwid-padding-top-medium getwid-padding-bottom-medium getwid-padding-left-medium getwid-padding-right-medium\"><div class=\"wp-block-getwid-section__inner-wrapper\"><div class=\"wp-block-getwid-section__background-holder\"><div class=\"wp-block-getwid-section__background has-background has-white-background-color\"><\/div><div class=\"wp-block-getwid-section__foreground\"><\/div><\/div><div class=\"wp-block-getwid-section__content\"><div class=\"wp-block-getwid-section__inner-content\">        <div class=\"wp-block-getwid-contact-form\" >\n            <form class='wp-block-getwid-contact-form__form'>\n    \n        <p class='wp-block-getwid-field-name'>\n\t    <label\n        for='name-69f25731357c4'\n        class='wp-block-getwid-field-name__label'\n    >Nume<\/label>\n\t    <input id='name-69f25731357c4' type='text' name='name'            required=''\n            \/>\n<\/p>\n\n\n        <p class='wp-block-getwid-field-email'>\n\t    <label\n\t\tfor='email-69f25731358d1'\n        class='wp-block-getwid-field-email__label'\n    >Email *<\/label>\n\t    <input id='email-69f25731358d1' type='email' name='email'             required=''    \/>\n<\/p>\n\n\n        <p class='wp-block-getwid-field-textarea'>\n\t    <label\n\t\tfor='message-69f25731359a9'\n        class='wp-block-getwid-field-textarea__label'\n    >Mesaj<\/label>\n\t    <textarea\n\t\tid='message-69f25731359a9' rows='5' name='message'            required=''\n            ><\/textarea>\n<\/p>\n\n\n    <input name='subject' \t\ttype='hidden'\n\t\/>\n\n\t<p class='wp-block-getwid-contact-form__result'><\/p>\n\n\t<div class='wp-block-getwid-contact-form__submit'>\n\t\t<div class='wp-block-button'>\n\t\t\t<button\n\t\t\t\ttype='submit'\n\t\t\t\tclass='wp-block-button__link '\t\t\t\t\tstyle=''\t\t\t>Trimite-\u021bi Mesajul<\/button>\n\t\t<\/div>\n\n\t<\/div>\n<\/form>\n        <\/div><\/div><\/div><\/div><\/div><\/div>\n<\/div>\n<\/div>\n\n\n\n<div class=\"wp-block-columns has-2-columns is-layout-flex wp-container-core-columns-is-layout-2 wp-block-columns-is-layout-flex\">\n<div class=\"wp-block-column is-vertically-aligned-center is-layout-flow wp-block-column-is-layout-flow\">\n<iframe title=\"Google Maps Hotel Boavista\" src=\"https:\/\/www.google.com\/maps\/embed?pb=!1m18!1m12!1m3!1d1392.1417693386911!2d21.241094747409406!3d45.745461369576525!2m3!1f0!2f0!3f0!3m2!1i1024!2i768!4f13.1!3m3!1m2!1s0x47456780fbf4ed41%3A0xf150eb3719e09bb0!2sHotel%20Boavista!5e0!3m2!1sro!2sro!4v1701699071751!5m2!1sro!2sro\" width=\"100%\" height=\"440\" style=\"border:0;\" allowfullscreen=\"\" loading=\"lazy\" referrerpolicy=\"no-referrer-when-downgrade\"><\/iframe>\n<\/div>\n\n\n\n<div class=\"wp-block-column is-layout-flow wp-block-column-is-layout-flow\">\n<figure data-wp-context=\"{&quot;imageId&quot;:&quot;69f2573136716&quot;}\" data-wp-interactive=\"core\/image\" class=\"wp-block-image size-full wp-lightbox-container\"><img loading=\"lazy\" decoding=\"async\" width=\"1024\" height=\"683\" data-wp-class--hide=\"state.isContentHidden\" data-wp-class--show=\"state.isContentVisible\" data-wp-init=\"callbacks.setButtonStyles\" data-wp-on-async--click=\"actions.showLightbox\" data-wp-on-async--load=\"callbacks.setButtonStyles\" data-wp-on-async-window--resize=\"callbacks.setButtonStyles\" src=\"https:\/\/hotelboavista.ro\/wp-content\/uploads\/2023\/12\/Hotel-Boavista-Contact.webp\" alt=\"\" class=\"wp-image-473\" srcset=\"https:\/\/hotelboavista.ro\/wp-content\/uploads\/2023\/12\/Hotel-Boavista-Contact.webp 1024w, https:\/\/hotelboavista.ro\/wp-content\/uploads\/2023\/12\/Hotel-Boavista-Contact-300x200.webp 300w, https:\/\/hotelboavista.ro\/wp-content\/uploads\/2023\/12\/Hotel-Boavista-Contact-768x512.webp 768w, https:\/\/hotelboavista.ro\/wp-content\/uploads\/2023\/12\/Hotel-Boavista-Contact-892x595.webp 892w\" sizes=\"auto, (max-width: 1024px) 100vw, 1024px\" \/><button\n\t\t\tclass=\"lightbox-trigger\"\n\t\t\ttype=\"button\"\n\t\t\taria-haspopup=\"dialog\"\n\t\t\taria-label=\"Enlarge image\"\n\t\t\tdata-wp-init=\"callbacks.initTriggerButton\"\n\t\t\tdata-wp-on-async--click=\"actions.showLightbox\"\n\t\t\tdata-wp-style--right=\"state.imageButtonRight\"\n\t\t\tdata-wp-style--top=\"state.imageButtonTop\"\n\t\t>\n\t\t\t<svg xmlns=\"http:\/\/www.w3.org\/2000\/svg\" width=\"12\" height=\"12\" fill=\"none\" viewBox=\"0 0 12 12\">\n\t\t\t\t<path fill=\"#fff\" d=\"M2 0a2 2 0 0 0-2 2v2h1.5V2a.5.5 0 0 1 .5-.5h2V0H2Zm2 10.5H2a.5.5 0 0 1-.5-.5V8H0v2a2 2 0 0 0 2 2h2v-1.5ZM8 12v-1.5h2a.5.5 0 0 0 .5-.5V8H12v2a2 2 0 0 1-2 2H8Zm2-12a2 2 0 0 1 2 2v2h-1.5V2a.5.5 0 0 0-.5-.5H8V0h2Z\" \/>\n\t\t\t<\/svg>\n\t\t<\/button><\/figure>\n<\/div>\n<\/div>\n<\/div><\/div><\/div><\/div><\/div>\n","protected":false},"excerpt":{"rendered":"","protected":false},"author":1,"featured_media":0,"parent":0,"menu_order":0,"comment_status":"closed","ping_status":"closed","template":"template-wider-page.php","meta":{"_acf_changed":false,"footnotes":""},"class_list":["post-922","page","type-page","status-publish","hentry"],"acf":[],"yoast_head":"<!-- This site is optimized with the Yoast SEO plugin v24.1 - https:\/\/yoast.com\/wordpress\/plugins\/seo\/ -->\n<title>Contact - Hotel Boavista Timi\u0219oara. Revii cu pl\u0103cere! Rezervare camere online, Restaurant, Evenimente<\/title>\n<meta name=\"robots\" content=\"index, follow, max-snippet:-1, max-image-preview:large, max-video-preview:-1\" \/>\n<link rel=\"canonical\" href=\"https:\/\/hotelboavista.ro\/en\/contact\/\" \/>\n<meta property=\"og:locale\" content=\"en_US\" \/>\n<meta property=\"og:type\" content=\"article\" \/>\n<meta property=\"og:title\" content=\"Contact - Hotel Boavista Timi\u0219oara. Revii cu pl\u0103cere! Rezervare camere online, Restaurant, Evenimente\" \/>\n<meta property=\"og:url\" content=\"https:\/\/hotelboavista.ro\/en\/contact\/\" \/>\n<meta property=\"og:site_name\" content=\"Hotel Boavista Timi\u0219oara. Revii cu pl\u0103cere! Rezervare camere online, Restaurant, Evenimente\" \/>\n<meta property=\"article:modified_time\" content=\"2024-02-08T10:01:50+00:00\" \/>\n<meta property=\"og:image\" content=\"https:\/\/hotelboavista.ro\/wp-content\/uploads\/2023\/12\/Hotel-Boavista-Contact.webp\" \/>\n<meta name=\"twitter:card\" content=\"summary_large_image\" \/>\n<script type=\"application\/ld+json\" class=\"yoast-schema-graph\">{\"@context\":\"https:\/\/schema.org\",\"@graph\":[{\"@type\":\"WebPage\",\"@id\":\"https:\/\/hotelboavista.ro\/en\/contact\/\",\"url\":\"https:\/\/hotelboavista.ro\/en\/contact\/\",\"name\":\"Contact - Hotel Boavista Timi\u0219oara. Revii cu pl\u0103cere! Rezervare camere online, Restaurant, Evenimente\",\"isPartOf\":{\"@id\":\"https:\/\/hotelboavista.ro\/en\/#website\"},\"primaryImageOfPage\":{\"@id\":\"https:\/\/hotelboavista.ro\/en\/contact\/#primaryimage\"},\"image\":{\"@id\":\"https:\/\/hotelboavista.ro\/en\/contact\/#primaryimage\"},\"thumbnailUrl\":\"https:\/\/hotelboavista.ro\/wp-content\/uploads\/2023\/12\/Hotel-Boavista-Contact.webp\",\"datePublished\":\"2023-12-06T05:57:42+00:00\",\"dateModified\":\"2024-02-08T10:01:50+00:00\",\"breadcrumb\":{\"@id\":\"https:\/\/hotelboavista.ro\/en\/contact\/#breadcrumb\"},\"inLanguage\":\"en-US\",\"potentialAction\":[{\"@type\":\"ReadAction\",\"target\":[\"https:\/\/hotelboavista.ro\/en\/contact\/\"]}]},{\"@type\":\"ImageObject\",\"inLanguage\":\"en-US\",\"@id\":\"https:\/\/hotelboavista.ro\/en\/contact\/#primaryimage\",\"url\":\"https:\/\/hotelboavista.ro\/wp-content\/uploads\/2023\/12\/Hotel-Boavista-Contact.webp\",\"contentUrl\":\"https:\/\/hotelboavista.ro\/wp-content\/uploads\/2023\/12\/Hotel-Boavista-Contact.webp\"},{\"@type\":\"BreadcrumbList\",\"@id\":\"https:\/\/hotelboavista.ro\/en\/contact\/#breadcrumb\",\"itemListElement\":[{\"@type\":\"ListItem\",\"position\":1,\"name\":\"Home\",\"item\":\"https:\/\/hotelboavista.ro\/en\/\"},{\"@type\":\"ListItem\",\"position\":2,\"name\":\"Contact\"}]},{\"@type\":\"WebSite\",\"@id\":\"https:\/\/hotelboavista.ro\/en\/#website\",\"url\":\"https:\/\/hotelboavista.ro\/en\/\",\"name\":\"Hotel Boavista Timi\u0219oara. Revii cu pl\u0103cere! Rezervare camere online, Restaurant, Evenimente\",\"description\":\"Hotel Boavista Timi\u0219oara este amplasat \u00eentr-o loca\u021bie privelegiat\u0103, ce v\u0103 invit\u0103 la relaxare \u0219i destindere la doar 1,5 km de centrul ora\u0219ului Timi\u0219oara.\",\"publisher\":{\"@id\":\"https:\/\/hotelboavista.ro\/en\/#organization\"},\"potentialAction\":[{\"@type\":\"SearchAction\",\"target\":{\"@type\":\"EntryPoint\",\"urlTemplate\":\"https:\/\/hotelboavista.ro\/en\/?s={search_term_string}\"},\"query-input\":{\"@type\":\"PropertyValueSpecification\",\"valueRequired\":true,\"valueName\":\"search_term_string\"}}],\"inLanguage\":\"en-US\"},{\"@type\":\"Organization\",\"@id\":\"https:\/\/hotelboavista.ro\/en\/#organization\",\"name\":\"Hotel Boavista Timi\u0219oara. Revii cu pl\u0103cere! Rezervare camere online, Restaurant, Evenimente\",\"url\":\"https:\/\/hotelboavista.ro\/en\/\",\"logo\":{\"@type\":\"ImageObject\",\"inLanguage\":\"en-US\",\"@id\":\"https:\/\/hotelboavista.ro\/en\/#\/schema\/logo\/image\/\",\"url\":\"https:\/\/hotelboavista.ro\/wp-content\/uploads\/2023\/12\/Hotel-Boavista-s.png\",\"contentUrl\":\"https:\/\/hotelboavista.ro\/wp-content\/uploads\/2023\/12\/Hotel-Boavista-s.png\",\"width\":300,\"height\":64,\"caption\":\"Hotel Boavista Timi\u0219oara. Revii cu pl\u0103cere! Rezervare camere online, Restaurant, Evenimente\"},\"image\":{\"@id\":\"https:\/\/hotelboavista.ro\/en\/#\/schema\/logo\/image\/\"}}]}<\/script>\n<!-- \/ Yoast SEO plugin. -->","yoast_head_json":{"title":"Contact - Hotel Boavista Timi\u0219oara. Revii cu pl\u0103cere! Rezervare camere online, Restaurant, Evenimente","robots":{"index":"index","follow":"follow","max-snippet":"max-snippet:-1","max-image-preview":"max-image-preview:large","max-video-preview":"max-video-preview:-1"},"canonical":"https:\/\/hotelboavista.ro\/en\/contact\/","og_locale":"en_US","og_type":"article","og_title":"Contact - Hotel Boavista Timi\u0219oara. Revii cu pl\u0103cere! Rezervare camere online, Restaurant, Evenimente","og_url":"https:\/\/hotelboavista.ro\/en\/contact\/","og_site_name":"Hotel Boavista Timi\u0219oara. Revii cu pl\u0103cere! Rezervare camere online, Restaurant, Evenimente","article_modified_time":"2024-02-08T10:01:50+00:00","og_image":[{"url":"https:\/\/hotelboavista.ro\/wp-content\/uploads\/2023\/12\/Hotel-Boavista-Contact.webp","type":"","width":"","height":""}],"twitter_card":"summary_large_image","schema":{"@context":"https:\/\/schema.org","@graph":[{"@type":"WebPage","@id":"https:\/\/hotelboavista.ro\/en\/contact\/","url":"https:\/\/hotelboavista.ro\/en\/contact\/","name":"Contact - Hotel Boavista Timi\u0219oara. Revii cu pl\u0103cere! Rezervare camere online, Restaurant, Evenimente","isPartOf":{"@id":"https:\/\/hotelboavista.ro\/en\/#website"},"primaryImageOfPage":{"@id":"https:\/\/hotelboavista.ro\/en\/contact\/#primaryimage"},"image":{"@id":"https:\/\/hotelboavista.ro\/en\/contact\/#primaryimage"},"thumbnailUrl":"https:\/\/hotelboavista.ro\/wp-content\/uploads\/2023\/12\/Hotel-Boavista-Contact.webp","datePublished":"2023-12-06T05:57:42+00:00","dateModified":"2024-02-08T10:01:50+00:00","breadcrumb":{"@id":"https:\/\/hotelboavista.ro\/en\/contact\/#breadcrumb"},"inLanguage":"en-US","potentialAction":[{"@type":"ReadAction","target":["https:\/\/hotelboavista.ro\/en\/contact\/"]}]},{"@type":"ImageObject","inLanguage":"en-US","@id":"https:\/\/hotelboavista.ro\/en\/contact\/#primaryimage","url":"https:\/\/hotelboavista.ro\/wp-content\/uploads\/2023\/12\/Hotel-Boavista-Contact.webp","contentUrl":"https:\/\/hotelboavista.ro\/wp-content\/uploads\/2023\/12\/Hotel-Boavista-Contact.webp"},{"@type":"BreadcrumbList","@id":"https:\/\/hotelboavista.ro\/en\/contact\/#breadcrumb","itemListElement":[{"@type":"ListItem","position":1,"name":"Home","item":"https:\/\/hotelboavista.ro\/en\/"},{"@type":"ListItem","position":2,"name":"Contact"}]},{"@type":"WebSite","@id":"https:\/\/hotelboavista.ro\/en\/#website","url":"https:\/\/hotelboavista.ro\/en\/","name":"Hotel Boavista Timi\u0219oara. Revii cu pl\u0103cere! Rezervare camere online, Restaurant, Evenimente","description":"Hotel Boavista Timi\u0219oara este amplasat \u00eentr-o loca\u021bie privelegiat\u0103, ce v\u0103 invit\u0103 la relaxare \u0219i destindere la doar 1,5 km de centrul ora\u0219ului Timi\u0219oara.","publisher":{"@id":"https:\/\/hotelboavista.ro\/en\/#organization"},"potentialAction":[{"@type":"SearchAction","target":{"@type":"EntryPoint","urlTemplate":"https:\/\/hotelboavista.ro\/en\/?s={search_term_string}"},"query-input":{"@type":"PropertyValueSpecification","valueRequired":true,"valueName":"search_term_string"}}],"inLanguage":"en-US"},{"@type":"Organization","@id":"https:\/\/hotelboavista.ro\/en\/#organization","name":"Hotel Boavista Timi\u0219oara. Revii cu pl\u0103cere! Rezervare camere online, Restaurant, Evenimente","url":"https:\/\/hotelboavista.ro\/en\/","logo":{"@type":"ImageObject","inLanguage":"en-US","@id":"https:\/\/hotelboavista.ro\/en\/#\/schema\/logo\/image\/","url":"https:\/\/hotelboavista.ro\/wp-content\/uploads\/2023\/12\/Hotel-Boavista-s.png","contentUrl":"https:\/\/hotelboavista.ro\/wp-content\/uploads\/2023\/12\/Hotel-Boavista-s.png","width":300,"height":64,"caption":"Hotel Boavista Timi\u0219oara. Revii cu pl\u0103cere! Rezervare camere online, Restaurant, Evenimente"},"image":{"@id":"https:\/\/hotelboavista.ro\/en\/#\/schema\/logo\/image\/"}}]}},"_links":{"self":[{"href":"https:\/\/hotelboavista.ro\/en\/wp-json\/wp\/v2\/pages\/922","targetHints":{"allow":["GET"]}}],"collection":[{"href":"https:\/\/hotelboavista.ro\/en\/wp-json\/wp\/v2\/pages"}],"about":[{"href":"https:\/\/hotelboavista.ro\/en\/wp-json\/wp\/v2\/types\/page"}],"author":[{"embeddable":true,"href":"https:\/\/hotelboavista.ro\/en\/wp-json\/wp\/v2\/users\/1"}],"replies":[{"embeddable":true,"href":"https:\/\/hotelboavista.ro\/en\/wp-json\/wp\/v2\/comments?post=922"}],"version-history":[{"count":3,"href":"https:\/\/hotelboavista.ro\/en\/wp-json\/wp\/v2\/pages\/922\/revisions"}],"predecessor-version":[{"id":925,"href":"https:\/\/hotelboavista.ro\/en\/wp-json\/wp\/v2\/pages\/922\/revisions\/925"}],"wp:attachment":[{"href":"https:\/\/hotelboavista.ro\/en\/wp-json\/wp\/v2\/media?parent=922"}],"curies":[{"name":"wp","href":"https:\/\/api.w.org\/{rel}","templated":true}]}}