{"id":927,"date":"2023-12-19T09:07:24","date_gmt":"2023-12-19T07:07:24","guid":{"rendered":"https:\/\/hotelboavista.ro\/corporate-events\/"},"modified":"2024-02-09T12:59:38","modified_gmt":"2024-02-09T10:59:38","slug":"corporate-events","status":"publish","type":"page","link":"https:\/\/hotelboavista.ro\/en\/corporate-events\/","title":{"rendered":"Corporate events"},"content":{"rendered":"\n<div class=\"wp-block-getwid-section restaurant-intro\"><div class=\"wp-block-getwid-section__wrapper\"><div class=\"wp-block-getwid-section__inner-wrapper\"><div class=\"wp-block-getwid-section__background-holder\"><div class=\"wp-block-getwid-section__background\"><\/div><div class=\"wp-block-getwid-section__foreground\"><\/div><\/div><div class=\"wp-block-getwid-section__content\"><div class=\"wp-block-getwid-section__inner-content\">\n<div class=\"wp-block-columns has-3-columns is-layout-flex wp-container-core-columns-is-layout-1 wp-block-columns-is-layout-flex\">\n<div class=\"wp-block-column is-layout-flow wp-block-column-is-layout-flow\">\n<div class=\"wp-block-getwid-advanced-heading\" style=\"margin-bottom:5px\"><h2 class=\"wp-block-getwid-advanced-heading__content\">Business Center Hotel Boavista<\/h2><\/div>\n\n\n\n<div class=\"wp-block-getwid-advanced-heading\"><span class=\"wp-block-getwid-advanced-heading__content\" style=\"font-weight:600\">Organize Successful Events!<\/span><\/div>\n<\/div>\n\n\n\n<div class=\"wp-block-column is-layout-flow wp-block-column-is-layout-flow\">\n<p><strong>The Boavista Conference Center<\/strong> offers you two event halls with a capacity ranging from 10 to 350 people. The business corner equipped with a computer connected to the internet and printer, state-of-the-art technical equipment, and wireless internet available throughout the building are just a few services that guarantee the success of any business event hosted by Hotel Boavista.<\/p>\n<\/div>\n\n\n\n<div class=\"wp-block-column is-layout-flow wp-block-column-is-layout-flow\">\n<p>Culinary variety and personalized menus according to your preferences, as well as generous parking, ensure the success of an event.<br\/>Contact us at <a href=\"mailto:office@hotelboavista.ro\" target=\"_blank\" rel=\"noreferrer noopener\">office@hotelboavista.ro<\/a> to make a reservation!<\/p>\n<\/div>\n<\/div>\n\n\n\n<div class=\"wp-block-columns has-2-columns is-layout-flex wp-container-core-columns-is-layout-2 wp-block-columns-is-layout-flex\">\n<div class=\"wp-block-column is-layout-flow wp-block-column-is-layout-flow\">\n<h3 class=\"wp-block-heading\">Lead Room<\/h3>\n\n\n\n<figure data-wp-context=\"{&quot;imageId&quot;:&quot;6a096931aab6d&quot;}\" data-wp-interactive=\"core\/image\" class=\"wp-block-image size-full wp-lightbox-container\"><img loading=\"lazy\" decoding=\"async\" width=\"1600\" height=\"1053\" data-wp-class--hide=\"state.isContentHidden\" data-wp-class--show=\"state.isContentVisible\" data-wp-init=\"callbacks.setButtonStyles\" data-wp-on-async--click=\"actions.showLightbox\" data-wp-on-async--load=\"callbacks.setButtonStyles\" data-wp-on-async-window--resize=\"callbacks.setButtonStyles\" src=\"https:\/\/hotelboavista.ro\/wp-content\/uploads\/2023\/12\/Lead-Room-U-shape-main.webp\" alt=\"Lead-Room-U-shape-main\" class=\"wp-image-685\" srcset=\"https:\/\/hotelboavista.ro\/wp-content\/uploads\/2023\/12\/Lead-Room-U-shape-main.webp 1600w, https:\/\/hotelboavista.ro\/wp-content\/uploads\/2023\/12\/Lead-Room-U-shape-main-300x197.webp 300w, https:\/\/hotelboavista.ro\/wp-content\/uploads\/2023\/12\/Lead-Room-U-shape-main-1024x674.webp 1024w, https:\/\/hotelboavista.ro\/wp-content\/uploads\/2023\/12\/Lead-Room-U-shape-main-768x505.webp 768w, https:\/\/hotelboavista.ro\/wp-content\/uploads\/2023\/12\/Lead-Room-U-shape-main-1536x1011.webp 1536w, https:\/\/hotelboavista.ro\/wp-content\/uploads\/2023\/12\/Lead-Room-U-shape-main-892x587.webp 892w, https:\/\/hotelboavista.ro\/wp-content\/uploads\/2023\/12\/Lead-Room-U-shape-main-1350x888.webp 1350w\" sizes=\"auto, (max-width: 1600px) 100vw, 1600px\" \/><button\n\t\t\tclass=\"lightbox-trigger\"\n\t\t\ttype=\"button\"\n\t\t\taria-haspopup=\"dialog\"\n\t\t\taria-label=\"Enlarge image: Lead-Room-U-shape-main\"\n\t\t\tdata-wp-init=\"callbacks.initTriggerButton\"\n\t\t\tdata-wp-on-async--click=\"actions.showLightbox\"\n\t\t\tdata-wp-style--right=\"state.imageButtonRight\"\n\t\t\tdata-wp-style--top=\"state.imageButtonTop\"\n\t\t>\n\t\t\t<svg xmlns=\"http:\/\/www.w3.org\/2000\/svg\" width=\"12\" height=\"12\" fill=\"none\" viewBox=\"0 0 12 12\">\n\t\t\t\t<path fill=\"#fff\" d=\"M2 0a2 2 0 0 0-2 2v2h1.5V2a.5.5 0 0 1 .5-.5h2V0H2Zm2 10.5H2a.5.5 0 0 1-.5-.5V8H0v2a2 2 0 0 0 2 2h2v-1.5ZM8 12v-1.5h2a.5.5 0 0 0 .5-.5V8H12v2a2 2 0 0 1-2 2H8Zm2-12a2 2 0 0 1 2 2v2h-1.5V2a.5.5 0 0 0-.5-.5H8V0h2Z\" \/>\n\t\t\t<\/svg>\n\t\t<\/button><figcaption class=\"wp-element-caption\">With a maximum capacity of 110 people in theater format or 40 people in <em>U-shape<\/em> or <em>classroom<\/em> format, the room located on the 1st floor of Building A is ideal for workshops, conferences, seminars, or larger symposiums. The room is equipped with all the technical equipment necessary for a successful event.<\/figcaption><\/figure>\n\n\n\n<p><strong>Conference Room Facilities:<\/strong><\/p>\n\n\n\n<ul class=\"wp-block-list\">\n<li>Wireless internet<\/li>\n\n\n\n<li>Air conditioning<\/li>\n\n\n\n<li>Natural and artificial light with adjustable intensity<\/li>\n\n\n\n<li>Projector<\/li>\n\n\n\n<li>Projection screen<\/li>\n\n\n\n<li>presenter<\/li>\n\n\n\n<li>Sound system<\/li>\n\n\n\n<li>Handheld microphones<\/li>\n\n\n\n<li>Presentation lectern<\/li>\n\n\n\n<li>flipchart<\/li>\n\n\n\n<li>Video conferencing equipment<\/li>\n<\/ul>\n<\/div>\n\n\n\n<div class=\"wp-block-column is-layout-flow wp-block-column-is-layout-flow\">\n<h3 class=\"wp-block-heading\">Imperial Ballroom<\/h3>\n\n\n\n<figure data-wp-context=\"{&quot;imageId&quot;:&quot;6a096931ab38d&quot;}\" data-wp-interactive=\"core\/image\" class=\"wp-block-image size-full wp-lightbox-container\"><img loading=\"lazy\" decoding=\"async\" width=\"1600\" height=\"1054\" data-wp-class--hide=\"state.isContentHidden\" data-wp-class--show=\"state.isContentVisible\" data-wp-init=\"callbacks.setButtonStyles\" data-wp-on-async--click=\"actions.showLightbox\" data-wp-on-async--load=\"callbacks.setButtonStyles\" data-wp-on-async-window--resize=\"callbacks.setButtonStyles\" src=\"https:\/\/hotelboavista.ro\/wp-content\/uploads\/2023\/12\/Salon-Imperial-Teatru-1.webp\" alt=\"Salon-Imperial-Teatru-1\" class=\"wp-image-687\" srcset=\"https:\/\/hotelboavista.ro\/wp-content\/uploads\/2023\/12\/Salon-Imperial-Teatru-1.webp 1600w, https:\/\/hotelboavista.ro\/wp-content\/uploads\/2023\/12\/Salon-Imperial-Teatru-1-300x198.webp 300w, https:\/\/hotelboavista.ro\/wp-content\/uploads\/2023\/12\/Salon-Imperial-Teatru-1-1024x675.webp 1024w, https:\/\/hotelboavista.ro\/wp-content\/uploads\/2023\/12\/Salon-Imperial-Teatru-1-768x506.webp 768w, https:\/\/hotelboavista.ro\/wp-content\/uploads\/2023\/12\/Salon-Imperial-Teatru-1-1536x1012.webp 1536w, https:\/\/hotelboavista.ro\/wp-content\/uploads\/2023\/12\/Salon-Imperial-Teatru-1-892x588.webp 892w, https:\/\/hotelboavista.ro\/wp-content\/uploads\/2023\/12\/Salon-Imperial-Teatru-1-1350x889.webp 1350w\" sizes=\"auto, (max-width: 1600px) 100vw, 1600px\" \/><button\n\t\t\tclass=\"lightbox-trigger\"\n\t\t\ttype=\"button\"\n\t\t\taria-haspopup=\"dialog\"\n\t\t\taria-label=\"Enlarge image: Salon-Imperial-Teatru-1\"\n\t\t\tdata-wp-init=\"callbacks.initTriggerButton\"\n\t\t\tdata-wp-on-async--click=\"actions.showLightbox\"\n\t\t\tdata-wp-style--right=\"state.imageButtonRight\"\n\t\t\tdata-wp-style--top=\"state.imageButtonTop\"\n\t\t>\n\t\t\t<svg xmlns=\"http:\/\/www.w3.org\/2000\/svg\" width=\"12\" height=\"12\" fill=\"none\" viewBox=\"0 0 12 12\">\n\t\t\t\t<path fill=\"#fff\" d=\"M2 0a2 2 0 0 0-2 2v2h1.5V2a.5.5 0 0 1 .5-.5h2V0H2Zm2 10.5H2a.5.5 0 0 1-.5-.5V8H0v2a2 2 0 0 0 2 2h2v-1.5ZM8 12v-1.5h2a.5.5 0 0 0 .5-.5V8H12v2a2 2 0 0 1-2 2H8Zm2-12a2 2 0 0 1 2 2v2h-1.5V2a.5.5 0 0 0-.5-.5H8V0h2Z\" \/>\n\t\t\t<\/svg>\n\t\t<\/button><figcaption class=\"wp-element-caption\"><strong>The largest hall in the Boavista Hotel Conference Center<\/strong> offers a capacity of approximately 400 people in <em>theater<\/em> format. The hall is located on the 4th floor of Building A, with a separate entrance for event participants. The room is equipped with all the technical equipment necessary for a successful event.<\/figcaption><\/figure>\n\n\n\n<p><strong>Conference Room Facilities:<\/strong><\/p>\n\n\n\n<ul class=\"wp-block-list\">\n<li>Wireless internet<\/li>\n\n\n\n<li>Air conditioning<\/li>\n\n\n\n<li>Natural and artificial light with adjustable intensity<\/li>\n\n\n\n<li>Projector<\/li>\n\n\n\n<li>3&#215;4 meters projection screen<\/li>\n\n\n\n<li>presenter<\/li>\n\n\n\n<li>Sound system<\/li>\n\n\n\n<li>Handheld microphones<\/li>\n\n\n\n<li>Presentation lectern<\/li>\n\n\n\n<li>flipchart<\/li>\n\n\n\n<li>Podium<\/li>\n\n\n\n<li>Video conferencing equipment<\/li>\n<\/ul>\n<\/div>\n<\/div>\n<\/div><\/div><\/div><\/div><\/div>\n","protected":false},"excerpt":{"rendered":"","protected":false},"author":1,"featured_media":0,"parent":0,"menu_order":0,"comment_status":"closed","ping_status":"closed","template":"template-wider-page.php","meta":{"_acf_changed":false,"footnotes":""},"class_list":["post-927","page","type-page","status-publish","hentry"],"acf":[],"yoast_head":"<!-- This site is optimized with the Yoast SEO plugin v24.1 - https:\/\/yoast.com\/wordpress\/plugins\/seo\/ -->\n<title>Corporate events - Hotel Boavista Timi\u0219oara. Revii cu pl\u0103cere! Rezervare camere online, Restaurant, Evenimente<\/title>\n<meta name=\"robots\" content=\"index, follow, max-snippet:-1, max-image-preview:large, max-video-preview:-1\" \/>\n<link rel=\"canonical\" href=\"https:\/\/hotelboavista.ro\/en\/corporate-events\/\" \/>\n<meta property=\"og:locale\" content=\"en_US\" \/>\n<meta property=\"og:type\" content=\"article\" \/>\n<meta property=\"og:title\" content=\"Corporate events - Hotel Boavista Timi\u0219oara. Revii cu pl\u0103cere! Rezervare camere online, Restaurant, Evenimente\" \/>\n<meta property=\"og:url\" content=\"https:\/\/hotelboavista.ro\/en\/corporate-events\/\" \/>\n<meta property=\"og:site_name\" content=\"Hotel Boavista Timi\u0219oara. Revii cu pl\u0103cere! Rezervare camere online, Restaurant, Evenimente\" \/>\n<meta property=\"article:modified_time\" content=\"2024-02-09T10:59:38+00:00\" \/>\n<meta property=\"og:image\" content=\"https:\/\/hotelboavista.ro\/wp-content\/uploads\/2023\/12\/Lead-Room-U-shape-main.webp\" \/>\n<meta name=\"twitter:card\" content=\"summary_large_image\" \/>\n<meta name=\"twitter:label1\" content=\"Est. reading time\" \/>\n\t<meta name=\"twitter:data1\" content=\"1 minute\" \/>\n<script type=\"application\/ld+json\" class=\"yoast-schema-graph\">{\"@context\":\"https:\/\/schema.org\",\"@graph\":[{\"@type\":\"WebPage\",\"@id\":\"https:\/\/hotelboavista.ro\/en\/corporate-events\/\",\"url\":\"https:\/\/hotelboavista.ro\/en\/corporate-events\/\",\"name\":\"Corporate events - Hotel Boavista Timi\u0219oara. Revii cu pl\u0103cere! Rezervare camere online, Restaurant, Evenimente\",\"isPartOf\":{\"@id\":\"https:\/\/hotelboavista.ro\/en\/#website\"},\"primaryImageOfPage\":{\"@id\":\"https:\/\/hotelboavista.ro\/en\/corporate-events\/#primaryimage\"},\"image\":{\"@id\":\"https:\/\/hotelboavista.ro\/en\/corporate-events\/#primaryimage\"},\"thumbnailUrl\":\"https:\/\/hotelboavista.ro\/wp-content\/uploads\/2023\/12\/Lead-Room-U-shape-main.webp\",\"datePublished\":\"2023-12-19T07:07:24+00:00\",\"dateModified\":\"2024-02-09T10:59:38+00:00\",\"breadcrumb\":{\"@id\":\"https:\/\/hotelboavista.ro\/en\/corporate-events\/#breadcrumb\"},\"inLanguage\":\"en-US\",\"potentialAction\":[{\"@type\":\"ReadAction\",\"target\":[\"https:\/\/hotelboavista.ro\/en\/corporate-events\/\"]}]},{\"@type\":\"ImageObject\",\"inLanguage\":\"en-US\",\"@id\":\"https:\/\/hotelboavista.ro\/en\/corporate-events\/#primaryimage\",\"url\":\"https:\/\/hotelboavista.ro\/wp-content\/uploads\/2023\/12\/Lead-Room-U-shape-main.webp\",\"contentUrl\":\"https:\/\/hotelboavista.ro\/wp-content\/uploads\/2023\/12\/Lead-Room-U-shape-main.webp\"},{\"@type\":\"BreadcrumbList\",\"@id\":\"https:\/\/hotelboavista.ro\/en\/corporate-events\/#breadcrumb\",\"itemListElement\":[{\"@type\":\"ListItem\",\"position\":1,\"name\":\"Home\",\"item\":\"https:\/\/hotelboavista.ro\/en\/\"},{\"@type\":\"ListItem\",\"position\":2,\"name\":\"Corporate events\"}]},{\"@type\":\"WebSite\",\"@id\":\"https:\/\/hotelboavista.ro\/en\/#website\",\"url\":\"https:\/\/hotelboavista.ro\/en\/\",\"name\":\"Hotel Boavista Timi\u0219oara. Revii cu pl\u0103cere! Rezervare camere online, Restaurant, Evenimente\",\"description\":\"Hotel Boavista Timi\u0219oara este amplasat \u00eentr-o loca\u021bie privelegiat\u0103, ce v\u0103 invit\u0103 la relaxare \u0219i destindere la doar 1,5 km de centrul ora\u0219ului Timi\u0219oara.\",\"publisher\":{\"@id\":\"https:\/\/hotelboavista.ro\/en\/#organization\"},\"potentialAction\":[{\"@type\":\"SearchAction\",\"target\":{\"@type\":\"EntryPoint\",\"urlTemplate\":\"https:\/\/hotelboavista.ro\/en\/?s={search_term_string}\"},\"query-input\":{\"@type\":\"PropertyValueSpecification\",\"valueRequired\":true,\"valueName\":\"search_term_string\"}}],\"inLanguage\":\"en-US\"},{\"@type\":\"Organization\",\"@id\":\"https:\/\/hotelboavista.ro\/en\/#organization\",\"name\":\"Hotel Boavista Timi\u0219oara. Revii cu pl\u0103cere! Rezervare camere online, Restaurant, Evenimente\",\"url\":\"https:\/\/hotelboavista.ro\/en\/\",\"logo\":{\"@type\":\"ImageObject\",\"inLanguage\":\"en-US\",\"@id\":\"https:\/\/hotelboavista.ro\/en\/#\/schema\/logo\/image\/\",\"url\":\"https:\/\/hotelboavista.ro\/wp-content\/uploads\/2023\/12\/Hotel-Boavista-s.png\",\"contentUrl\":\"https:\/\/hotelboavista.ro\/wp-content\/uploads\/2023\/12\/Hotel-Boavista-s.png\",\"width\":300,\"height\":64,\"caption\":\"Hotel Boavista Timi\u0219oara. Revii cu pl\u0103cere! Rezervare camere online, Restaurant, Evenimente\"},\"image\":{\"@id\":\"https:\/\/hotelboavista.ro\/en\/#\/schema\/logo\/image\/\"}}]}<\/script>\n<!-- \/ Yoast SEO plugin. -->","yoast_head_json":{"title":"Corporate events - Hotel Boavista Timi\u0219oara. Revii cu pl\u0103cere! Rezervare camere online, Restaurant, Evenimente","robots":{"index":"index","follow":"follow","max-snippet":"max-snippet:-1","max-image-preview":"max-image-preview:large","max-video-preview":"max-video-preview:-1"},"canonical":"https:\/\/hotelboavista.ro\/en\/corporate-events\/","og_locale":"en_US","og_type":"article","og_title":"Corporate events - Hotel Boavista Timi\u0219oara. Revii cu pl\u0103cere! Rezervare camere online, Restaurant, Evenimente","og_url":"https:\/\/hotelboavista.ro\/en\/corporate-events\/","og_site_name":"Hotel Boavista Timi\u0219oara. Revii cu pl\u0103cere! Rezervare camere online, Restaurant, Evenimente","article_modified_time":"2024-02-09T10:59:38+00:00","og_image":[{"url":"https:\/\/hotelboavista.ro\/wp-content\/uploads\/2023\/12\/Lead-Room-U-shape-main.webp","type":"","width":"","height":""}],"twitter_card":"summary_large_image","twitter_misc":{"Est. reading time":"1 minute"},"schema":{"@context":"https:\/\/schema.org","@graph":[{"@type":"WebPage","@id":"https:\/\/hotelboavista.ro\/en\/corporate-events\/","url":"https:\/\/hotelboavista.ro\/en\/corporate-events\/","name":"Corporate events - Hotel Boavista Timi\u0219oara. Revii cu pl\u0103cere! Rezervare camere online, Restaurant, Evenimente","isPartOf":{"@id":"https:\/\/hotelboavista.ro\/en\/#website"},"primaryImageOfPage":{"@id":"https:\/\/hotelboavista.ro\/en\/corporate-events\/#primaryimage"},"image":{"@id":"https:\/\/hotelboavista.ro\/en\/corporate-events\/#primaryimage"},"thumbnailUrl":"https:\/\/hotelboavista.ro\/wp-content\/uploads\/2023\/12\/Lead-Room-U-shape-main.webp","datePublished":"2023-12-19T07:07:24+00:00","dateModified":"2024-02-09T10:59:38+00:00","breadcrumb":{"@id":"https:\/\/hotelboavista.ro\/en\/corporate-events\/#breadcrumb"},"inLanguage":"en-US","potentialAction":[{"@type":"ReadAction","target":["https:\/\/hotelboavista.ro\/en\/corporate-events\/"]}]},{"@type":"ImageObject","inLanguage":"en-US","@id":"https:\/\/hotelboavista.ro\/en\/corporate-events\/#primaryimage","url":"https:\/\/hotelboavista.ro\/wp-content\/uploads\/2023\/12\/Lead-Room-U-shape-main.webp","contentUrl":"https:\/\/hotelboavista.ro\/wp-content\/uploads\/2023\/12\/Lead-Room-U-shape-main.webp"},{"@type":"BreadcrumbList","@id":"https:\/\/hotelboavista.ro\/en\/corporate-events\/#breadcrumb","itemListElement":[{"@type":"ListItem","position":1,"name":"Home","item":"https:\/\/hotelboavista.ro\/en\/"},{"@type":"ListItem","position":2,"name":"Corporate events"}]},{"@type":"WebSite","@id":"https:\/\/hotelboavista.ro\/en\/#website","url":"https:\/\/hotelboavista.ro\/en\/","name":"Hotel Boavista Timi\u0219oara. Revii cu pl\u0103cere! Rezervare camere online, Restaurant, Evenimente","description":"Hotel Boavista Timi\u0219oara este amplasat \u00eentr-o loca\u021bie privelegiat\u0103, ce v\u0103 invit\u0103 la relaxare \u0219i destindere la doar 1,5 km de centrul ora\u0219ului Timi\u0219oara.","publisher":{"@id":"https:\/\/hotelboavista.ro\/en\/#organization"},"potentialAction":[{"@type":"SearchAction","target":{"@type":"EntryPoint","urlTemplate":"https:\/\/hotelboavista.ro\/en\/?s={search_term_string}"},"query-input":{"@type":"PropertyValueSpecification","valueRequired":true,"valueName":"search_term_string"}}],"inLanguage":"en-US"},{"@type":"Organization","@id":"https:\/\/hotelboavista.ro\/en\/#organization","name":"Hotel Boavista Timi\u0219oara. Revii cu pl\u0103cere! Rezervare camere online, Restaurant, Evenimente","url":"https:\/\/hotelboavista.ro\/en\/","logo":{"@type":"ImageObject","inLanguage":"en-US","@id":"https:\/\/hotelboavista.ro\/en\/#\/schema\/logo\/image\/","url":"https:\/\/hotelboavista.ro\/wp-content\/uploads\/2023\/12\/Hotel-Boavista-s.png","contentUrl":"https:\/\/hotelboavista.ro\/wp-content\/uploads\/2023\/12\/Hotel-Boavista-s.png","width":300,"height":64,"caption":"Hotel Boavista Timi\u0219oara. Revii cu pl\u0103cere! Rezervare camere online, Restaurant, Evenimente"},"image":{"@id":"https:\/\/hotelboavista.ro\/en\/#\/schema\/logo\/image\/"}}]}},"_links":{"self":[{"href":"https:\/\/hotelboavista.ro\/en\/wp-json\/wp\/v2\/pages\/927","targetHints":{"allow":["GET"]}}],"collection":[{"href":"https:\/\/hotelboavista.ro\/en\/wp-json\/wp\/v2\/pages"}],"about":[{"href":"https:\/\/hotelboavista.ro\/en\/wp-json\/wp\/v2\/types\/page"}],"author":[{"embeddable":true,"href":"https:\/\/hotelboavista.ro\/en\/wp-json\/wp\/v2\/users\/1"}],"replies":[{"embeddable":true,"href":"https:\/\/hotelboavista.ro\/en\/wp-json\/wp\/v2\/comments?post=927"}],"version-history":[{"count":3,"href":"https:\/\/hotelboavista.ro\/en\/wp-json\/wp\/v2\/pages\/927\/revisions"}],"predecessor-version":[{"id":930,"href":"https:\/\/hotelboavista.ro\/en\/wp-json\/wp\/v2\/pages\/927\/revisions\/930"}],"wp:attachment":[{"href":"https:\/\/hotelboavista.ro\/en\/wp-json\/wp\/v2\/media?parent=927"}],"curies":[{"name":"wp","href":"https:\/\/api.w.org\/{rel}","templated":true}]}}