{"id":933,"date":"2023-12-18T09:28:04","date_gmt":"2023-12-18T07:28:04","guid":{"rendered":"https:\/\/hotelboavista.ro\/event-planning-in-timisoara\/"},"modified":"2024-02-09T13:04:34","modified_gmt":"2024-02-09T11:04:34","slug":"event-planning-in-timisoara","status":"publish","type":"page","link":"https:\/\/hotelboavista.ro\/en\/event-planning-in-timisoara\/","title":{"rendered":"Event Planning in Timi\u0219oara"},"content":{"rendered":"\n<div class=\"wp-block-getwid-section restaurant-intro\"><div class=\"wp-block-getwid-section__wrapper\"><div class=\"wp-block-getwid-section__inner-wrapper\"><div class=\"wp-block-getwid-section__background-holder\"><div class=\"wp-block-getwid-section__background\"><\/div><div class=\"wp-block-getwid-section__foreground\"><\/div><\/div><div class=\"wp-block-getwid-section__content\"><div class=\"wp-block-getwid-section__inner-content\">\n<div class=\"wp-block-columns has-3-columns is-layout-flex wp-container-core-columns-is-layout-1 wp-block-columns-is-layout-flex\">\n<div class=\"wp-block-column is-layout-flow wp-block-column-is-layout-flow\">\n<div class=\"wp-block-getwid-advanced-heading\" style=\"margin-bottom:5px\"><h2 class=\"wp-block-getwid-advanced-heading__content\">Boavista Dining &amp; Events Timi\u0219oara<\/h2><\/div>\n\n\n\n<div class=\"wp-block-getwid-advanced-heading\"><span class=\"wp-block-getwid-advanced-heading__content\" style=\"font-weight:600\">Organize Successful Events!<\/span><\/div>\n<\/div>\n\n\n\n<div class=\"wp-block-column is-layout-flow wp-block-column-is-layout-flow\">\n<p>Boavista Dining &amp; Events Timi\u0219oara has the necessary resources to successfully organize private events and corporate events. Whether you need to organize a wedding party, a baptism, a birthday party, or a corporate event, the Boavista Events hall is at your disposal.<\/p>\n<\/div>\n\n\n\n<div class=\"wp-block-column is-layout-flow wp-block-column-is-layout-flow\">\n<p>With a classic decor that satisfies even the most demanding tastes, the event hall can become the fairy tale setting of the special moment you have planned with so much dedication. Perfect the moment that will become a memory.<br\/>Contact us at <a href=\"mailto:office@hotelboavista.ro\" target=\"_blank\" rel=\"noreferrer noopener\">office@hotelboavista.ro<\/a> to make a reservation!<\/p>\n<\/div>\n<\/div>\n\n\n\n<div class=\"wp-block-columns has-2-columns is-layout-flex wp-container-core-columns-is-layout-2 wp-block-columns-is-layout-flex\">\n<div class=\"wp-block-column is-layout-flow wp-block-column-is-layout-flow\">\n<figure data-wp-context=\"{&quot;imageId&quot;:&quot;6a097aadaea8c&quot;}\" data-wp-interactive=\"core\/image\" class=\"wp-block-image size-full wp-lightbox-container\"><img loading=\"lazy\" decoding=\"async\" width=\"1600\" height=\"2133\" data-wp-class--hide=\"state.isContentHidden\" data-wp-class--show=\"state.isContentVisible\" data-wp-init=\"callbacks.setButtonStyles\" data-wp-on-async--click=\"actions.showLightbox\" data-wp-on-async--load=\"callbacks.setButtonStyles\" data-wp-on-async-window--resize=\"callbacks.setButtonStyles\" src=\"https:\/\/hotelboavista.ro\/wp-content\/uploads\/2023\/12\/Evenimente-Hotel-Boaviasta-Timiosoara-4.webp\" alt=\"Event Planning in Timi&#x219;oara\" class=\"wp-image-670\" srcset=\"https:\/\/hotelboavista.ro\/wp-content\/uploads\/2023\/12\/Evenimente-Hotel-Boaviasta-Timiosoara-4.webp 1600w, https:\/\/hotelboavista.ro\/wp-content\/uploads\/2023\/12\/Evenimente-Hotel-Boaviasta-Timiosoara-4-225x300.webp 225w, https:\/\/hotelboavista.ro\/wp-content\/uploads\/2023\/12\/Evenimente-Hotel-Boaviasta-Timiosoara-4-768x1024.webp 768w, https:\/\/hotelboavista.ro\/wp-content\/uploads\/2023\/12\/Evenimente-Hotel-Boaviasta-Timiosoara-4-1152x1536.webp 1152w, https:\/\/hotelboavista.ro\/wp-content\/uploads\/2023\/12\/Evenimente-Hotel-Boaviasta-Timiosoara-4-1536x2048.webp 1536w, https:\/\/hotelboavista.ro\/wp-content\/uploads\/2023\/12\/Evenimente-Hotel-Boaviasta-Timiosoara-4-892x1189.webp 892w, https:\/\/hotelboavista.ro\/wp-content\/uploads\/2023\/12\/Evenimente-Hotel-Boaviasta-Timiosoara-4-1350x1800.webp 1350w\" sizes=\"auto, (max-width: 1600px) 100vw, 1600px\" \/><button\n\t\t\tclass=\"lightbox-trigger\"\n\t\t\ttype=\"button\"\n\t\t\taria-haspopup=\"dialog\"\n\t\t\taria-label=\"Enlarge image: Event Planning in Timi\u0219oara\"\n\t\t\tdata-wp-init=\"callbacks.initTriggerButton\"\n\t\t\tdata-wp-on-async--click=\"actions.showLightbox\"\n\t\t\tdata-wp-style--right=\"state.imageButtonRight\"\n\t\t\tdata-wp-style--top=\"state.imageButtonTop\"\n\t\t>\n\t\t\t<svg xmlns=\"http:\/\/www.w3.org\/2000\/svg\" width=\"12\" height=\"12\" fill=\"none\" viewBox=\"0 0 12 12\">\n\t\t\t\t<path fill=\"#fff\" d=\"M2 0a2 2 0 0 0-2 2v2h1.5V2a.5.5 0 0 1 .5-.5h2V0H2Zm2 10.5H2a.5.5 0 0 1-.5-.5V8H0v2a2 2 0 0 0 2 2h2v-1.5ZM8 12v-1.5h2a.5.5 0 0 0 .5-.5V8H12v2a2 2 0 0 1-2 2H8Zm2-12a2 2 0 0 1 2 2v2h-1.5V2a.5.5 0 0 0-.5-.5H8V0h2Z\" \/>\n\t\t\t<\/svg>\n\t\t<\/button><\/figure>\n<\/div>\n\n\n\n<div class=\"wp-block-column is-layout-flow wp-block-column-is-layout-flow\">\n<figure class=\"wp-block-gallery has-nested-images columns-2 is-cropped wp-block-gallery-1 is-layout-flex wp-block-gallery-is-layout-flex\">\n<figure data-wp-context=\"{&quot;imageId&quot;:&quot;6a097aadaef77&quot;}\" data-wp-interactive=\"core\/image\" class=\"wp-block-image size-full wp-lightbox-container\"><img loading=\"lazy\" decoding=\"async\" width=\"1600\" height=\"2133\" data-wp-class--hide=\"state.isContentHidden\" data-wp-class--show=\"state.isContentVisible\" data-wp-init=\"callbacks.setButtonStyles\" data-wp-on-async--click=\"actions.showLightbox\" data-wp-on-async--load=\"callbacks.setButtonStyles\" data-wp-on-async-window--resize=\"callbacks.setButtonStyles\" src=\"https:\/\/hotelboavista.ro\/wp-content\/uploads\/2023\/12\/Evenimente-Hotel-Boaviasta-Timiosoara-2.webp\" alt=\"Event Planning in Timi&#x219;oara\" class=\"wp-image-672\" srcset=\"https:\/\/hotelboavista.ro\/wp-content\/uploads\/2023\/12\/Evenimente-Hotel-Boaviasta-Timiosoara-2.webp 1600w, https:\/\/hotelboavista.ro\/wp-content\/uploads\/2023\/12\/Evenimente-Hotel-Boaviasta-Timiosoara-2-225x300.webp 225w, https:\/\/hotelboavista.ro\/wp-content\/uploads\/2023\/12\/Evenimente-Hotel-Boaviasta-Timiosoara-2-768x1024.webp 768w, https:\/\/hotelboavista.ro\/wp-content\/uploads\/2023\/12\/Evenimente-Hotel-Boaviasta-Timiosoara-2-1152x1536.webp 1152w, https:\/\/hotelboavista.ro\/wp-content\/uploads\/2023\/12\/Evenimente-Hotel-Boaviasta-Timiosoara-2-1536x2048.webp 1536w, https:\/\/hotelboavista.ro\/wp-content\/uploads\/2023\/12\/Evenimente-Hotel-Boaviasta-Timiosoara-2-892x1189.webp 892w, https:\/\/hotelboavista.ro\/wp-content\/uploads\/2023\/12\/Evenimente-Hotel-Boaviasta-Timiosoara-2-1350x1800.webp 1350w\" sizes=\"auto, (max-width: 1600px) 100vw, 1600px\" \/><button\n\t\t\tclass=\"lightbox-trigger\"\n\t\t\ttype=\"button\"\n\t\t\taria-haspopup=\"dialog\"\n\t\t\taria-label=\"Enlarge image: Event Planning in Timi\u0219oara\"\n\t\t\tdata-wp-init=\"callbacks.initTriggerButton\"\n\t\t\tdata-wp-on-async--click=\"actions.showLightbox\"\n\t\t\tdata-wp-style--right=\"state.imageButtonRight\"\n\t\t\tdata-wp-style--top=\"state.imageButtonTop\"\n\t\t>\n\t\t\t<svg xmlns=\"http:\/\/www.w3.org\/2000\/svg\" width=\"12\" height=\"12\" fill=\"none\" viewBox=\"0 0 12 12\">\n\t\t\t\t<path fill=\"#fff\" d=\"M2 0a2 2 0 0 0-2 2v2h1.5V2a.5.5 0 0 1 .5-.5h2V0H2Zm2 10.5H2a.5.5 0 0 1-.5-.5V8H0v2a2 2 0 0 0 2 2h2v-1.5ZM8 12v-1.5h2a.5.5 0 0 0 .5-.5V8H12v2a2 2 0 0 1-2 2H8Zm2-12a2 2 0 0 1 2 2v2h-1.5V2a.5.5 0 0 0-.5-.5H8V0h2Z\" \/>\n\t\t\t<\/svg>\n\t\t<\/button><\/figure>\n\n\n\n<figure data-wp-context=\"{&quot;imageId&quot;:&quot;6a097aadaf317&quot;}\" data-wp-interactive=\"core\/image\" class=\"wp-block-image size-full wp-lightbox-container\"><img loading=\"lazy\" decoding=\"async\" width=\"1600\" height=\"2133\" data-wp-class--hide=\"state.isContentHidden\" data-wp-class--show=\"state.isContentVisible\" data-wp-init=\"callbacks.setButtonStyles\" data-wp-on-async--click=\"actions.showLightbox\" data-wp-on-async--load=\"callbacks.setButtonStyles\" data-wp-on-async-window--resize=\"callbacks.setButtonStyles\" src=\"https:\/\/hotelboavista.ro\/wp-content\/uploads\/2023\/12\/Evenimente-Hotel-Boaviasta-Timiosoara-3.webp\" alt=\"Event Planning in Timi&#x219;oara\" class=\"wp-image-671\" srcset=\"https:\/\/hotelboavista.ro\/wp-content\/uploads\/2023\/12\/Evenimente-Hotel-Boaviasta-Timiosoara-3.webp 1600w, https:\/\/hotelboavista.ro\/wp-content\/uploads\/2023\/12\/Evenimente-Hotel-Boaviasta-Timiosoara-3-225x300.webp 225w, https:\/\/hotelboavista.ro\/wp-content\/uploads\/2023\/12\/Evenimente-Hotel-Boaviasta-Timiosoara-3-768x1024.webp 768w, https:\/\/hotelboavista.ro\/wp-content\/uploads\/2023\/12\/Evenimente-Hotel-Boaviasta-Timiosoara-3-1152x1536.webp 1152w, https:\/\/hotelboavista.ro\/wp-content\/uploads\/2023\/12\/Evenimente-Hotel-Boaviasta-Timiosoara-3-1536x2048.webp 1536w, https:\/\/hotelboavista.ro\/wp-content\/uploads\/2023\/12\/Evenimente-Hotel-Boaviasta-Timiosoara-3-892x1189.webp 892w, https:\/\/hotelboavista.ro\/wp-content\/uploads\/2023\/12\/Evenimente-Hotel-Boaviasta-Timiosoara-3-1350x1800.webp 1350w\" sizes=\"auto, (max-width: 1600px) 100vw, 1600px\" \/><button\n\t\t\tclass=\"lightbox-trigger\"\n\t\t\ttype=\"button\"\n\t\t\taria-haspopup=\"dialog\"\n\t\t\taria-label=\"Enlarge image: Event Planning in Timi\u0219oara\"\n\t\t\tdata-wp-init=\"callbacks.initTriggerButton\"\n\t\t\tdata-wp-on-async--click=\"actions.showLightbox\"\n\t\t\tdata-wp-style--right=\"state.imageButtonRight\"\n\t\t\tdata-wp-style--top=\"state.imageButtonTop\"\n\t\t>\n\t\t\t<svg xmlns=\"http:\/\/www.w3.org\/2000\/svg\" width=\"12\" height=\"12\" fill=\"none\" viewBox=\"0 0 12 12\">\n\t\t\t\t<path fill=\"#fff\" d=\"M2 0a2 2 0 0 0-2 2v2h1.5V2a.5.5 0 0 1 .5-.5h2V0H2Zm2 10.5H2a.5.5 0 0 1-.5-.5V8H0v2a2 2 0 0 0 2 2h2v-1.5ZM8 12v-1.5h2a.5.5 0 0 0 .5-.5V8H12v2a2 2 0 0 1-2 2H8Zm2-12a2 2 0 0 1 2 2v2h-1.5V2a.5.5 0 0 0-.5-.5H8V0h2Z\" \/>\n\t\t\t<\/svg>\n\t\t<\/button><\/figure>\n\n\n\n<figure data-wp-context=\"{&quot;imageId&quot;:&quot;6a097aadaf6ad&quot;}\" data-wp-interactive=\"core\/image\" class=\"wp-block-image size-full wp-lightbox-container\"><img loading=\"lazy\" decoding=\"async\" width=\"1600\" height=\"2133\" data-wp-class--hide=\"state.isContentHidden\" data-wp-class--show=\"state.isContentVisible\" data-wp-init=\"callbacks.setButtonStyles\" data-wp-on-async--click=\"actions.showLightbox\" data-wp-on-async--load=\"callbacks.setButtonStyles\" data-wp-on-async-window--resize=\"callbacks.setButtonStyles\" src=\"https:\/\/hotelboavista.ro\/wp-content\/uploads\/2023\/12\/Evenimente-Hotel-Boaviasta-Timiosoara-1.webp\" alt=\"Event Planning in Timi&#x219;oara\" class=\"wp-image-673\" srcset=\"https:\/\/hotelboavista.ro\/wp-content\/uploads\/2023\/12\/Evenimente-Hotel-Boaviasta-Timiosoara-1.webp 1600w, https:\/\/hotelboavista.ro\/wp-content\/uploads\/2023\/12\/Evenimente-Hotel-Boaviasta-Timiosoara-1-225x300.webp 225w, https:\/\/hotelboavista.ro\/wp-content\/uploads\/2023\/12\/Evenimente-Hotel-Boaviasta-Timiosoara-1-768x1024.webp 768w, https:\/\/hotelboavista.ro\/wp-content\/uploads\/2023\/12\/Evenimente-Hotel-Boaviasta-Timiosoara-1-1152x1536.webp 1152w, https:\/\/hotelboavista.ro\/wp-content\/uploads\/2023\/12\/Evenimente-Hotel-Boaviasta-Timiosoara-1-1536x2048.webp 1536w, https:\/\/hotelboavista.ro\/wp-content\/uploads\/2023\/12\/Evenimente-Hotel-Boaviasta-Timiosoara-1-892x1189.webp 892w, https:\/\/hotelboavista.ro\/wp-content\/uploads\/2023\/12\/Evenimente-Hotel-Boaviasta-Timiosoara-1-1350x1800.webp 1350w\" sizes=\"auto, (max-width: 1600px) 100vw, 1600px\" \/><button\n\t\t\tclass=\"lightbox-trigger\"\n\t\t\ttype=\"button\"\n\t\t\taria-haspopup=\"dialog\"\n\t\t\taria-label=\"Enlarge image: Event Planning in Timi\u0219oara\"\n\t\t\tdata-wp-init=\"callbacks.initTriggerButton\"\n\t\t\tdata-wp-on-async--click=\"actions.showLightbox\"\n\t\t\tdata-wp-style--right=\"state.imageButtonRight\"\n\t\t\tdata-wp-style--top=\"state.imageButtonTop\"\n\t\t>\n\t\t\t<svg xmlns=\"http:\/\/www.w3.org\/2000\/svg\" width=\"12\" height=\"12\" fill=\"none\" viewBox=\"0 0 12 12\">\n\t\t\t\t<path fill=\"#fff\" d=\"M2 0a2 2 0 0 0-2 2v2h1.5V2a.5.5 0 0 1 .5-.5h2V0H2Zm2 10.5H2a.5.5 0 0 1-.5-.5V8H0v2a2 2 0 0 0 2 2h2v-1.5ZM8 12v-1.5h2a.5.5 0 0 0 .5-.5V8H12v2a2 2 0 0 1-2 2H8Zm2-12a2 2 0 0 1 2 2v2h-1.5V2a.5.5 0 0 0-.5-.5H8V0h2Z\" \/>\n\t\t\t<\/svg>\n\t\t<\/button><\/figure>\n\n\n\n<figure data-wp-context=\"{&quot;imageId&quot;:&quot;6a097aadafa32&quot;}\" data-wp-interactive=\"core\/image\" class=\"wp-block-image size-full wp-lightbox-container\"><img loading=\"lazy\" decoding=\"async\" width=\"1600\" height=\"2133\" data-wp-class--hide=\"state.isContentHidden\" data-wp-class--show=\"state.isContentVisible\" data-wp-init=\"callbacks.setButtonStyles\" data-wp-on-async--click=\"actions.showLightbox\" data-wp-on-async--load=\"callbacks.setButtonStyles\" data-wp-on-async-window--resize=\"callbacks.setButtonStyles\" src=\"https:\/\/hotelboavista.ro\/wp-content\/uploads\/2023\/12\/Evenimente-Hotel-Boaviasta-Timiosoara-5.webp\" alt=\"Event Planning in Timi&#x219;oara\" class=\"wp-image-669\" srcset=\"https:\/\/hotelboavista.ro\/wp-content\/uploads\/2023\/12\/Evenimente-Hotel-Boaviasta-Timiosoara-5.webp 1600w, https:\/\/hotelboavista.ro\/wp-content\/uploads\/2023\/12\/Evenimente-Hotel-Boaviasta-Timiosoara-5-225x300.webp 225w, https:\/\/hotelboavista.ro\/wp-content\/uploads\/2023\/12\/Evenimente-Hotel-Boaviasta-Timiosoara-5-768x1024.webp 768w, https:\/\/hotelboavista.ro\/wp-content\/uploads\/2023\/12\/Evenimente-Hotel-Boaviasta-Timiosoara-5-1152x1536.webp 1152w, https:\/\/hotelboavista.ro\/wp-content\/uploads\/2023\/12\/Evenimente-Hotel-Boaviasta-Timiosoara-5-1536x2048.webp 1536w, https:\/\/hotelboavista.ro\/wp-content\/uploads\/2023\/12\/Evenimente-Hotel-Boaviasta-Timiosoara-5-892x1189.webp 892w, https:\/\/hotelboavista.ro\/wp-content\/uploads\/2023\/12\/Evenimente-Hotel-Boaviasta-Timiosoara-5-1350x1800.webp 1350w\" sizes=\"auto, (max-width: 1600px) 100vw, 1600px\" \/><button\n\t\t\tclass=\"lightbox-trigger\"\n\t\t\ttype=\"button\"\n\t\t\taria-haspopup=\"dialog\"\n\t\t\taria-label=\"Enlarge image: Event Planning in Timi\u0219oara\"\n\t\t\tdata-wp-init=\"callbacks.initTriggerButton\"\n\t\t\tdata-wp-on-async--click=\"actions.showLightbox\"\n\t\t\tdata-wp-style--right=\"state.imageButtonRight\"\n\t\t\tdata-wp-style--top=\"state.imageButtonTop\"\n\t\t>\n\t\t\t<svg xmlns=\"http:\/\/www.w3.org\/2000\/svg\" width=\"12\" height=\"12\" fill=\"none\" viewBox=\"0 0 12 12\">\n\t\t\t\t<path fill=\"#fff\" d=\"M2 0a2 2 0 0 0-2 2v2h1.5V2a.5.5 0 0 1 .5-.5h2V0H2Zm2 10.5H2a.5.5 0 0 1-.5-.5V8H0v2a2 2 0 0 0 2 2h2v-1.5ZM8 12v-1.5h2a.5.5 0 0 0 .5-.5V8H12v2a2 2 0 0 1-2 2H8Zm2-12a2 2 0 0 1 2 2v2h-1.5V2a.5.5 0 0 0-.5-.5H8V0h2Z\" \/>\n\t\t\t<\/svg>\n\t\t<\/button><\/figure>\n<\/figure>\n<\/div>\n<\/div>\n<\/div><\/div><\/div><\/div><\/div>\n","protected":false},"excerpt":{"rendered":"","protected":false},"author":1,"featured_media":867,"parent":0,"menu_order":0,"comment_status":"closed","ping_status":"closed","template":"template-wider-page.php","meta":{"_acf_changed":false,"footnotes":""},"class_list":["post-933","page","type-page","status-publish","has-post-thumbnail","hentry"],"acf":[],"yoast_head":"<!-- This site is optimized with the Yoast SEO plugin v24.1 - https:\/\/yoast.com\/wordpress\/plugins\/seo\/ -->\n<title>Event Planning in Timi\u0219oara - Hotel Boavista Timi\u0219oara. Revii cu pl\u0103cere! Rezervare camere online, Restaurant, Evenimente<\/title>\n<meta name=\"robots\" content=\"index, follow, max-snippet:-1, max-image-preview:large, max-video-preview:-1\" \/>\n<link rel=\"canonical\" href=\"https:\/\/hotelboavista.ro\/en\/event-planning-in-timisoara\/\" \/>\n<meta property=\"og:locale\" content=\"en_US\" \/>\n<meta property=\"og:type\" content=\"article\" \/>\n<meta property=\"og:title\" content=\"Event Planning in Timi\u0219oara - Hotel Boavista Timi\u0219oara. Revii cu pl\u0103cere! Rezervare camere online, Restaurant, Evenimente\" \/>\n<meta property=\"og:url\" content=\"https:\/\/hotelboavista.ro\/en\/event-planning-in-timisoara\/\" \/>\n<meta property=\"og:site_name\" content=\"Hotel Boavista Timi\u0219oara. Revii cu pl\u0103cere! Rezervare camere online, Restaurant, Evenimente\" \/>\n<meta property=\"article:modified_time\" content=\"2024-02-09T11:04:34+00:00\" \/>\n<meta property=\"og:image\" content=\"https:\/\/hotelboavista.ro\/wp-content\/uploads\/2023\/12\/Hotel-Boavista-Ballroom.webp\" \/>\n\t<meta property=\"og:image:width\" content=\"1600\" \/>\n\t<meta property=\"og:image:height\" content=\"1200\" \/>\n\t<meta property=\"og:image:type\" content=\"image\/webp\" \/>\n<meta name=\"twitter:card\" content=\"summary_large_image\" \/>\n<meta name=\"twitter:label1\" content=\"Est. reading time\" \/>\n\t<meta name=\"twitter:data1\" content=\"1 minute\" \/>\n<script type=\"application\/ld+json\" class=\"yoast-schema-graph\">{\"@context\":\"https:\/\/schema.org\",\"@graph\":[{\"@type\":\"WebPage\",\"@id\":\"https:\/\/hotelboavista.ro\/en\/event-planning-in-timisoara\/\",\"url\":\"https:\/\/hotelboavista.ro\/en\/event-planning-in-timisoara\/\",\"name\":\"Event Planning in Timi\u0219oara - Hotel Boavista Timi\u0219oara. Revii cu pl\u0103cere! Rezervare camere online, Restaurant, Evenimente\",\"isPartOf\":{\"@id\":\"https:\/\/hotelboavista.ro\/en\/#website\"},\"primaryImageOfPage\":{\"@id\":\"https:\/\/hotelboavista.ro\/en\/event-planning-in-timisoara\/#primaryimage\"},\"image\":{\"@id\":\"https:\/\/hotelboavista.ro\/en\/event-planning-in-timisoara\/#primaryimage\"},\"thumbnailUrl\":\"https:\/\/hotelboavista.ro\/wp-content\/uploads\/2023\/12\/Hotel-Boavista-Ballroom.webp\",\"datePublished\":\"2023-12-18T07:28:04+00:00\",\"dateModified\":\"2024-02-09T11:04:34+00:00\",\"breadcrumb\":{\"@id\":\"https:\/\/hotelboavista.ro\/en\/event-planning-in-timisoara\/#breadcrumb\"},\"inLanguage\":\"en-US\",\"potentialAction\":[{\"@type\":\"ReadAction\",\"target\":[\"https:\/\/hotelboavista.ro\/en\/event-planning-in-timisoara\/\"]}]},{\"@type\":\"ImageObject\",\"inLanguage\":\"en-US\",\"@id\":\"https:\/\/hotelboavista.ro\/en\/event-planning-in-timisoara\/#primaryimage\",\"url\":\"https:\/\/hotelboavista.ro\/wp-content\/uploads\/2023\/12\/Hotel-Boavista-Ballroom.webp\",\"contentUrl\":\"https:\/\/hotelboavista.ro\/wp-content\/uploads\/2023\/12\/Hotel-Boavista-Ballroom.webp\",\"width\":1600,\"height\":1200},{\"@type\":\"BreadcrumbList\",\"@id\":\"https:\/\/hotelboavista.ro\/en\/event-planning-in-timisoara\/#breadcrumb\",\"itemListElement\":[{\"@type\":\"ListItem\",\"position\":1,\"name\":\"Home\",\"item\":\"https:\/\/hotelboavista.ro\/en\/\"},{\"@type\":\"ListItem\",\"position\":2,\"name\":\"Event Planning in Timi\u0219oara\"}]},{\"@type\":\"WebSite\",\"@id\":\"https:\/\/hotelboavista.ro\/en\/#website\",\"url\":\"https:\/\/hotelboavista.ro\/en\/\",\"name\":\"Hotel Boavista Timi\u0219oara. Revii cu pl\u0103cere! Rezervare camere online, Restaurant, Evenimente\",\"description\":\"Hotel Boavista Timi\u0219oara este amplasat \u00eentr-o loca\u021bie privelegiat\u0103, ce v\u0103 invit\u0103 la relaxare \u0219i destindere la doar 1,5 km de centrul ora\u0219ului Timi\u0219oara.\",\"publisher\":{\"@id\":\"https:\/\/hotelboavista.ro\/en\/#organization\"},\"potentialAction\":[{\"@type\":\"SearchAction\",\"target\":{\"@type\":\"EntryPoint\",\"urlTemplate\":\"https:\/\/hotelboavista.ro\/en\/?s={search_term_string}\"},\"query-input\":{\"@type\":\"PropertyValueSpecification\",\"valueRequired\":true,\"valueName\":\"search_term_string\"}}],\"inLanguage\":\"en-US\"},{\"@type\":\"Organization\",\"@id\":\"https:\/\/hotelboavista.ro\/en\/#organization\",\"name\":\"Hotel Boavista Timi\u0219oara. Revii cu pl\u0103cere! Rezervare camere online, Restaurant, Evenimente\",\"url\":\"https:\/\/hotelboavista.ro\/en\/\",\"logo\":{\"@type\":\"ImageObject\",\"inLanguage\":\"en-US\",\"@id\":\"https:\/\/hotelboavista.ro\/en\/#\/schema\/logo\/image\/\",\"url\":\"https:\/\/hotelboavista.ro\/wp-content\/uploads\/2023\/12\/Hotel-Boavista-s.png\",\"contentUrl\":\"https:\/\/hotelboavista.ro\/wp-content\/uploads\/2023\/12\/Hotel-Boavista-s.png\",\"width\":300,\"height\":64,\"caption\":\"Hotel Boavista Timi\u0219oara. Revii cu pl\u0103cere! Rezervare camere online, Restaurant, Evenimente\"},\"image\":{\"@id\":\"https:\/\/hotelboavista.ro\/en\/#\/schema\/logo\/image\/\"}}]}<\/script>\n<!-- \/ Yoast SEO plugin. -->","yoast_head_json":{"title":"Event Planning in Timi\u0219oara - Hotel Boavista Timi\u0219oara. Revii cu pl\u0103cere! Rezervare camere online, Restaurant, Evenimente","robots":{"index":"index","follow":"follow","max-snippet":"max-snippet:-1","max-image-preview":"max-image-preview:large","max-video-preview":"max-video-preview:-1"},"canonical":"https:\/\/hotelboavista.ro\/en\/event-planning-in-timisoara\/","og_locale":"en_US","og_type":"article","og_title":"Event Planning in Timi\u0219oara - Hotel Boavista Timi\u0219oara. Revii cu pl\u0103cere! Rezervare camere online, Restaurant, Evenimente","og_url":"https:\/\/hotelboavista.ro\/en\/event-planning-in-timisoara\/","og_site_name":"Hotel Boavista Timi\u0219oara. Revii cu pl\u0103cere! Rezervare camere online, Restaurant, Evenimente","article_modified_time":"2024-02-09T11:04:34+00:00","og_image":[{"width":1600,"height":1200,"url":"https:\/\/hotelboavista.ro\/wp-content\/uploads\/2023\/12\/Hotel-Boavista-Ballroom.webp","type":"image\/webp"}],"twitter_card":"summary_large_image","twitter_misc":{"Est. reading time":"1 minute"},"schema":{"@context":"https:\/\/schema.org","@graph":[{"@type":"WebPage","@id":"https:\/\/hotelboavista.ro\/en\/event-planning-in-timisoara\/","url":"https:\/\/hotelboavista.ro\/en\/event-planning-in-timisoara\/","name":"Event Planning in Timi\u0219oara - Hotel Boavista Timi\u0219oara. Revii cu pl\u0103cere! Rezervare camere online, Restaurant, Evenimente","isPartOf":{"@id":"https:\/\/hotelboavista.ro\/en\/#website"},"primaryImageOfPage":{"@id":"https:\/\/hotelboavista.ro\/en\/event-planning-in-timisoara\/#primaryimage"},"image":{"@id":"https:\/\/hotelboavista.ro\/en\/event-planning-in-timisoara\/#primaryimage"},"thumbnailUrl":"https:\/\/hotelboavista.ro\/wp-content\/uploads\/2023\/12\/Hotel-Boavista-Ballroom.webp","datePublished":"2023-12-18T07:28:04+00:00","dateModified":"2024-02-09T11:04:34+00:00","breadcrumb":{"@id":"https:\/\/hotelboavista.ro\/en\/event-planning-in-timisoara\/#breadcrumb"},"inLanguage":"en-US","potentialAction":[{"@type":"ReadAction","target":["https:\/\/hotelboavista.ro\/en\/event-planning-in-timisoara\/"]}]},{"@type":"ImageObject","inLanguage":"en-US","@id":"https:\/\/hotelboavista.ro\/en\/event-planning-in-timisoara\/#primaryimage","url":"https:\/\/hotelboavista.ro\/wp-content\/uploads\/2023\/12\/Hotel-Boavista-Ballroom.webp","contentUrl":"https:\/\/hotelboavista.ro\/wp-content\/uploads\/2023\/12\/Hotel-Boavista-Ballroom.webp","width":1600,"height":1200},{"@type":"BreadcrumbList","@id":"https:\/\/hotelboavista.ro\/en\/event-planning-in-timisoara\/#breadcrumb","itemListElement":[{"@type":"ListItem","position":1,"name":"Home","item":"https:\/\/hotelboavista.ro\/en\/"},{"@type":"ListItem","position":2,"name":"Event Planning in Timi\u0219oara"}]},{"@type":"WebSite","@id":"https:\/\/hotelboavista.ro\/en\/#website","url":"https:\/\/hotelboavista.ro\/en\/","name":"Hotel Boavista Timi\u0219oara. Revii cu pl\u0103cere! Rezervare camere online, Restaurant, Evenimente","description":"Hotel Boavista Timi\u0219oara este amplasat \u00eentr-o loca\u021bie privelegiat\u0103, ce v\u0103 invit\u0103 la relaxare \u0219i destindere la doar 1,5 km de centrul ora\u0219ului Timi\u0219oara.","publisher":{"@id":"https:\/\/hotelboavista.ro\/en\/#organization"},"potentialAction":[{"@type":"SearchAction","target":{"@type":"EntryPoint","urlTemplate":"https:\/\/hotelboavista.ro\/en\/?s={search_term_string}"},"query-input":{"@type":"PropertyValueSpecification","valueRequired":true,"valueName":"search_term_string"}}],"inLanguage":"en-US"},{"@type":"Organization","@id":"https:\/\/hotelboavista.ro\/en\/#organization","name":"Hotel Boavista Timi\u0219oara. Revii cu pl\u0103cere! Rezervare camere online, Restaurant, Evenimente","url":"https:\/\/hotelboavista.ro\/en\/","logo":{"@type":"ImageObject","inLanguage":"en-US","@id":"https:\/\/hotelboavista.ro\/en\/#\/schema\/logo\/image\/","url":"https:\/\/hotelboavista.ro\/wp-content\/uploads\/2023\/12\/Hotel-Boavista-s.png","contentUrl":"https:\/\/hotelboavista.ro\/wp-content\/uploads\/2023\/12\/Hotel-Boavista-s.png","width":300,"height":64,"caption":"Hotel Boavista Timi\u0219oara. Revii cu pl\u0103cere! Rezervare camere online, Restaurant, Evenimente"},"image":{"@id":"https:\/\/hotelboavista.ro\/en\/#\/schema\/logo\/image\/"}}]}},"_links":{"self":[{"href":"https:\/\/hotelboavista.ro\/en\/wp-json\/wp\/v2\/pages\/933","targetHints":{"allow":["GET"]}}],"collection":[{"href":"https:\/\/hotelboavista.ro\/en\/wp-json\/wp\/v2\/pages"}],"about":[{"href":"https:\/\/hotelboavista.ro\/en\/wp-json\/wp\/v2\/types\/page"}],"author":[{"embeddable":true,"href":"https:\/\/hotelboavista.ro\/en\/wp-json\/wp\/v2\/users\/1"}],"replies":[{"embeddable":true,"href":"https:\/\/hotelboavista.ro\/en\/wp-json\/wp\/v2\/comments?post=933"}],"version-history":[{"count":1,"href":"https:\/\/hotelboavista.ro\/en\/wp-json\/wp\/v2\/pages\/933\/revisions"}],"predecessor-version":[{"id":934,"href":"https:\/\/hotelboavista.ro\/en\/wp-json\/wp\/v2\/pages\/933\/revisions\/934"}],"wp:featuredmedia":[{"embeddable":true,"href":"https:\/\/hotelboavista.ro\/en\/wp-json\/wp\/v2\/media\/867"}],"wp:attachment":[{"href":"https:\/\/hotelboavista.ro\/en\/wp-json\/wp\/v2\/media?parent=933"}],"curies":[{"name":"wp","href":"https:\/\/api.w.org\/{rel}","templated":true}]}}