{"id":942,"date":"2023-12-06T07:51:58","date_gmt":"2023-12-06T05:51:58","guid":{"rendered":"https:\/\/hotelboavista.ro\/?page_id=942"},"modified":"2024-02-09T13:30:39","modified_gmt":"2024-02-09T11:30:39","slug":"cookie-policy","status":"publish","type":"page","link":"https:\/\/hotelboavista.ro\/en\/cookie-policy\/","title":{"rendered":"Cookie Policy"},"content":{"rendered":"\n<p><\/p>\n\n\n\n<p>Effective Date: May 21, 2018<\/p>\n\n\n\n<p>This Cookie Policy applies to cookies and web pages operated by SC Boavista Sport SRL, headquartered in Timisoara, Str. FC Ripensia Nr. 7A, Timis County, Romania.<\/p>\n\n\n\n<p>What is a cookie? A cookie is a small text file, generally comprised of identifiers, website names, letters, and numbers, which the user, when browsing a web page through a web browser (e.g., Internet Explorer, Chrome, etc.), can allow or disallow installation by storing it on their computer, mobile device, or other equipment used by them. The cookie file is &#8220;passive&#8221; (it does not contain software programs, viruses, or spyware and cannot access information from the user&#8217;s hard disk).<\/p>\n\n\n\n<p>What are cookies used for? These files allow the recognition of the user&#8217;s terminal and the presentation of content adapted to their preferences. Cookies ensure the user a pleasant browsing experience and support the efforts of SC Boavista Sport SRL to provide comfortable services to the user, such as online privacy preferences or relevant advertising. Cookies are used to prepare anonymous aggregate statistics that help us understand how a user benefits from our web pages, allowing us to improve their structure and content.<\/p>\n\n\n\n<p>What types of cookies do we use? We use two types of cookies:<\/p>\n\n\n\n<p>Session cookies: Temporary files that remain on the user&#8217;s terminal until the browsing session is closed or the application (web browser) is closed.<\/p>\n\n\n\n<p>Persistent cookies: Files that remain on the user&#8217;s terminal for a period defined by the parameters of that cookie or until manually deleted by the user.<\/p>\n\n\n\n<p>How are cookies used by this site? A visit to this site may place the following types of cookies:<\/p>\n\n\n\n<p>Site performance cookies;<\/p>\n\n\n\n<p>Visitor analysis cookies;<\/p>\n\n\n\n<p>Registration cookies;<\/p>\n\n\n\n<p>Advertising cookies;<\/p>\n\n\n\n<p>Cookies from advertising providers.<\/p>\n\n\n\n<p>Examples of cookie utility (which do not require user authentication through an account):<\/p>\n\n\n\n<p>Content and services tailored to user preferences \u2013 categories of products and services.<\/p>\n\n\n\n<p>Offers tailored to user interests;<\/p>\n\n\n\n<p>Retention of contact details (according to the sections dedicated to contact details completion);<\/p>\n\n\n\n<p>Limiting the frequency of ad displays \u2013 limiting the number of times an ad is displayed to a particular user on a site;<\/p>\n\n\n\n<p>Providing relevant advertising to the user;<\/p>\n\n\n\n<p>Measurement, optimization, and analytics features \u2013 such as confirming a certain level of traffic on a website, what type of content is viewed, and how a user reaches a website (e.g., through search engines, directly, from other websites, etc.). Websites conduct this analysis of their use to improve their content for the benefit of the user.<\/p>\n\n\n\n<p>Cookies that are not technically mandatory to be stored on the user&#8217;s terminal will only be used if the user expressly and unequivocally consents to them by checking the categories presented.<\/p>\n\n\n\n<p>The user can withdraw their consent at any time by modifying the settings of the browser used. Details on changing browser settings can be found on the developers&#8217; websites, in the &#8220;Settings&#8221; section, as presented below:<\/p>\n\n\n\n<p>Google Chrome<\/p>\n\n\n\n<p>Mozilla Firefox<\/p>\n\n\n\n<p>Microsoft Edge<\/p>\n\n\n\n<p>Microsoft Internet Explorer<\/p>\n\n\n\n<p>Opera<\/p>\n\n\n\n<p>Apple Safari<\/p>\n\n\n\n<p>What data do cookies contain? In most cases, cookies do not directly identify Internet users but the terminal from which they accessed certain web pages. This data is encrypted in a way that does not allow unauthorized access by third parties.<\/p>\n\n\n\n<p>Retention and deletion of cookies<\/p>\n\n\n\n<p>Generally, an application used to access web pages allows cookies to be saved on the user&#8217;s terminal by default. These settings can be modified by the user so that automatic cookie management is blocked by the web browser, or the user is informed each time cookies are sent to their terminal.<\/p>\n\n\n\n<p>Updates to the cookie policy<\/p>\n\n\n\n<p>SC Boavista Sport SRL may update this cookie policy to reflect changes in the various cookies used for operational, legal, or regulatory purposes. Please read the cookie policy regularly to ensure that you are properly informed about how we use cookies. The date of this policy is updated in the header of this section.<\/p>\n\n\n\n<p>Useful links<\/p>\n\n\n\n<p>If you want to find out more information about cookies and how they are used, we recommend the following links: Microsoft Cookies guide<\/p>\n\n\n\n<p>All About Cookies<\/p>\n\n\n\n<p>YourOnlineChoices<\/p>\n\n\n\n<p>See also Privacy Policy.<\/p>\n","protected":false},"excerpt":{"rendered":"<p>Effective Date: May 21, 2018 This Cookie Policy applies to cookies and web pages operated by SC Boavista Sport SRL, headquartered in Timisoara, Str. FC Ripensia Nr. 7A, Timis County, Romania. What is a cookie? A cookie is a small text file, generally comprised of identifiers, website names, letters, and numbers, which the user, when [&hellip;]<\/p>\n","protected":false},"author":1,"featured_media":0,"parent":0,"menu_order":0,"comment_status":"closed","ping_status":"closed","template":"","meta":{"_acf_changed":false,"footnotes":""},"class_list":["post-942","page","type-page","status-publish","hentry"],"acf":[],"yoast_head":"<!-- This site is optimized with the Yoast SEO plugin v24.1 - https:\/\/yoast.com\/wordpress\/plugins\/seo\/ -->\n<title>Cookie Policy - Hotel Boavista Timi\u0219oara. Revii cu pl\u0103cere! Rezervare camere online, Restaurant, Evenimente<\/title>\n<meta name=\"robots\" content=\"index, follow, max-snippet:-1, max-image-preview:large, max-video-preview:-1\" \/>\n<link rel=\"canonical\" href=\"https:\/\/hotelboavista.ro\/en\/cookie-policy\/\" \/>\n<meta property=\"og:locale\" content=\"en_US\" \/>\n<meta property=\"og:type\" content=\"article\" \/>\n<meta property=\"og:title\" content=\"Cookie Policy - Hotel Boavista Timi\u0219oara. Revii cu pl\u0103cere! Rezervare camere online, Restaurant, Evenimente\" \/>\n<meta property=\"og:description\" content=\"Effective Date: May 21, 2018 This Cookie Policy applies to cookies and web pages operated by SC Boavista Sport SRL, headquartered in Timisoara, Str. FC Ripensia Nr. 7A, Timis County, Romania. What is a cookie? A cookie is a small text file, generally comprised of identifiers, website names, letters, and numbers, which the user, when [&hellip;]\" \/>\n<meta property=\"og:url\" content=\"https:\/\/hotelboavista.ro\/en\/cookie-policy\/\" \/>\n<meta property=\"og:site_name\" content=\"Hotel Boavista Timi\u0219oara. Revii cu pl\u0103cere! Rezervare camere online, Restaurant, Evenimente\" \/>\n<meta property=\"article:modified_time\" content=\"2024-02-09T11:30:39+00:00\" \/>\n<meta name=\"twitter:card\" content=\"summary_large_image\" \/>\n<meta name=\"twitter:label1\" content=\"Est. reading time\" \/>\n\t<meta name=\"twitter:data1\" content=\"3 minutes\" \/>\n<script type=\"application\/ld+json\" class=\"yoast-schema-graph\">{\"@context\":\"https:\/\/schema.org\",\"@graph\":[{\"@type\":\"WebPage\",\"@id\":\"https:\/\/hotelboavista.ro\/en\/cookie-policy\/\",\"url\":\"https:\/\/hotelboavista.ro\/en\/cookie-policy\/\",\"name\":\"Cookie Policy - Hotel Boavista Timi\u0219oara. Revii cu pl\u0103cere! Rezervare camere online, Restaurant, Evenimente\",\"isPartOf\":{\"@id\":\"https:\/\/hotelboavista.ro\/en\/#website\"},\"datePublished\":\"2023-12-06T05:51:58+00:00\",\"dateModified\":\"2024-02-09T11:30:39+00:00\",\"breadcrumb\":{\"@id\":\"https:\/\/hotelboavista.ro\/en\/cookie-policy\/#breadcrumb\"},\"inLanguage\":\"en-US\",\"potentialAction\":[{\"@type\":\"ReadAction\",\"target\":[\"https:\/\/hotelboavista.ro\/en\/cookie-policy\/\"]}]},{\"@type\":\"BreadcrumbList\",\"@id\":\"https:\/\/hotelboavista.ro\/en\/cookie-policy\/#breadcrumb\",\"itemListElement\":[{\"@type\":\"ListItem\",\"position\":1,\"name\":\"Home\",\"item\":\"https:\/\/hotelboavista.ro\/en\/\"},{\"@type\":\"ListItem\",\"position\":2,\"name\":\"Cookie Policy\"}]},{\"@type\":\"WebSite\",\"@id\":\"https:\/\/hotelboavista.ro\/en\/#website\",\"url\":\"https:\/\/hotelboavista.ro\/en\/\",\"name\":\"Hotel Boavista Timi\u0219oara. Revii cu pl\u0103cere! Rezervare camere online, Restaurant, Evenimente\",\"description\":\"Hotel Boavista Timi\u0219oara este amplasat \u00eentr-o loca\u021bie privelegiat\u0103, ce v\u0103 invit\u0103 la relaxare \u0219i destindere la doar 1,5 km de centrul ora\u0219ului Timi\u0219oara.\",\"publisher\":{\"@id\":\"https:\/\/hotelboavista.ro\/en\/#organization\"},\"potentialAction\":[{\"@type\":\"SearchAction\",\"target\":{\"@type\":\"EntryPoint\",\"urlTemplate\":\"https:\/\/hotelboavista.ro\/en\/?s={search_term_string}\"},\"query-input\":{\"@type\":\"PropertyValueSpecification\",\"valueRequired\":true,\"valueName\":\"search_term_string\"}}],\"inLanguage\":\"en-US\"},{\"@type\":\"Organization\",\"@id\":\"https:\/\/hotelboavista.ro\/en\/#organization\",\"name\":\"Hotel Boavista Timi\u0219oara. Revii cu pl\u0103cere! Rezervare camere online, Restaurant, Evenimente\",\"url\":\"https:\/\/hotelboavista.ro\/en\/\",\"logo\":{\"@type\":\"ImageObject\",\"inLanguage\":\"en-US\",\"@id\":\"https:\/\/hotelboavista.ro\/en\/#\/schema\/logo\/image\/\",\"url\":\"https:\/\/hotelboavista.ro\/wp-content\/uploads\/2023\/12\/Hotel-Boavista-s.png\",\"contentUrl\":\"https:\/\/hotelboavista.ro\/wp-content\/uploads\/2023\/12\/Hotel-Boavista-s.png\",\"width\":300,\"height\":64,\"caption\":\"Hotel Boavista Timi\u0219oara. Revii cu pl\u0103cere! Rezervare camere online, Restaurant, Evenimente\"},\"image\":{\"@id\":\"https:\/\/hotelboavista.ro\/en\/#\/schema\/logo\/image\/\"}}]}<\/script>\n<!-- \/ Yoast SEO plugin. -->","yoast_head_json":{"title":"Cookie Policy - Hotel Boavista Timi\u0219oara. Revii cu pl\u0103cere! Rezervare camere online, Restaurant, Evenimente","robots":{"index":"index","follow":"follow","max-snippet":"max-snippet:-1","max-image-preview":"max-image-preview:large","max-video-preview":"max-video-preview:-1"},"canonical":"https:\/\/hotelboavista.ro\/en\/cookie-policy\/","og_locale":"en_US","og_type":"article","og_title":"Cookie Policy - Hotel Boavista Timi\u0219oara. Revii cu pl\u0103cere! Rezervare camere online, Restaurant, Evenimente","og_description":"Effective Date: May 21, 2018 This Cookie Policy applies to cookies and web pages operated by SC Boavista Sport SRL, headquartered in Timisoara, Str. FC Ripensia Nr. 7A, Timis County, Romania. What is a cookie? A cookie is a small text file, generally comprised of identifiers, website names, letters, and numbers, which the user, when [&hellip;]","og_url":"https:\/\/hotelboavista.ro\/en\/cookie-policy\/","og_site_name":"Hotel Boavista Timi\u0219oara. Revii cu pl\u0103cere! Rezervare camere online, Restaurant, Evenimente","article_modified_time":"2024-02-09T11:30:39+00:00","twitter_card":"summary_large_image","twitter_misc":{"Est. reading time":"3 minutes"},"schema":{"@context":"https:\/\/schema.org","@graph":[{"@type":"WebPage","@id":"https:\/\/hotelboavista.ro\/en\/cookie-policy\/","url":"https:\/\/hotelboavista.ro\/en\/cookie-policy\/","name":"Cookie Policy - Hotel Boavista Timi\u0219oara. Revii cu pl\u0103cere! Rezervare camere online, Restaurant, Evenimente","isPartOf":{"@id":"https:\/\/hotelboavista.ro\/en\/#website"},"datePublished":"2023-12-06T05:51:58+00:00","dateModified":"2024-02-09T11:30:39+00:00","breadcrumb":{"@id":"https:\/\/hotelboavista.ro\/en\/cookie-policy\/#breadcrumb"},"inLanguage":"en-US","potentialAction":[{"@type":"ReadAction","target":["https:\/\/hotelboavista.ro\/en\/cookie-policy\/"]}]},{"@type":"BreadcrumbList","@id":"https:\/\/hotelboavista.ro\/en\/cookie-policy\/#breadcrumb","itemListElement":[{"@type":"ListItem","position":1,"name":"Home","item":"https:\/\/hotelboavista.ro\/en\/"},{"@type":"ListItem","position":2,"name":"Cookie Policy"}]},{"@type":"WebSite","@id":"https:\/\/hotelboavista.ro\/en\/#website","url":"https:\/\/hotelboavista.ro\/en\/","name":"Hotel Boavista Timi\u0219oara. Revii cu pl\u0103cere! Rezervare camere online, Restaurant, Evenimente","description":"Hotel Boavista Timi\u0219oara este amplasat \u00eentr-o loca\u021bie privelegiat\u0103, ce v\u0103 invit\u0103 la relaxare \u0219i destindere la doar 1,5 km de centrul ora\u0219ului Timi\u0219oara.","publisher":{"@id":"https:\/\/hotelboavista.ro\/en\/#organization"},"potentialAction":[{"@type":"SearchAction","target":{"@type":"EntryPoint","urlTemplate":"https:\/\/hotelboavista.ro\/en\/?s={search_term_string}"},"query-input":{"@type":"PropertyValueSpecification","valueRequired":true,"valueName":"search_term_string"}}],"inLanguage":"en-US"},{"@type":"Organization","@id":"https:\/\/hotelboavista.ro\/en\/#organization","name":"Hotel Boavista Timi\u0219oara. Revii cu pl\u0103cere! Rezervare camere online, Restaurant, Evenimente","url":"https:\/\/hotelboavista.ro\/en\/","logo":{"@type":"ImageObject","inLanguage":"en-US","@id":"https:\/\/hotelboavista.ro\/en\/#\/schema\/logo\/image\/","url":"https:\/\/hotelboavista.ro\/wp-content\/uploads\/2023\/12\/Hotel-Boavista-s.png","contentUrl":"https:\/\/hotelboavista.ro\/wp-content\/uploads\/2023\/12\/Hotel-Boavista-s.png","width":300,"height":64,"caption":"Hotel Boavista Timi\u0219oara. Revii cu pl\u0103cere! Rezervare camere online, Restaurant, Evenimente"},"image":{"@id":"https:\/\/hotelboavista.ro\/en\/#\/schema\/logo\/image\/"}}]}},"_links":{"self":[{"href":"https:\/\/hotelboavista.ro\/en\/wp-json\/wp\/v2\/pages\/942","targetHints":{"allow":["GET"]}}],"collection":[{"href":"https:\/\/hotelboavista.ro\/en\/wp-json\/wp\/v2\/pages"}],"about":[{"href":"https:\/\/hotelboavista.ro\/en\/wp-json\/wp\/v2\/types\/page"}],"author":[{"embeddable":true,"href":"https:\/\/hotelboavista.ro\/en\/wp-json\/wp\/v2\/users\/1"}],"replies":[{"embeddable":true,"href":"https:\/\/hotelboavista.ro\/en\/wp-json\/wp\/v2\/comments?post=942"}],"version-history":[{"count":1,"href":"https:\/\/hotelboavista.ro\/en\/wp-json\/wp\/v2\/pages\/942\/revisions"}],"predecessor-version":[{"id":943,"href":"https:\/\/hotelboavista.ro\/en\/wp-json\/wp\/v2\/pages\/942\/revisions\/943"}],"wp:attachment":[{"href":"https:\/\/hotelboavista.ro\/en\/wp-json\/wp\/v2\/media?parent=942"}],"curies":[{"name":"wp","href":"https:\/\/api.w.org\/{rel}","templated":true}]}}